{"id":2047,"date":"2018-05-22T07:51:55","date_gmt":"2018-05-22T05:51:55","guid":{"rendered":"https:\/\/limpiezascolomer.com\/v2\/politica-de-privacidad\/"},"modified":"2023-06-10T20:43:37","modified_gmt":"2023-06-10T18:43:37","slug":"politica-de-privacidad","status":"publish","type":"page","link":"https:\/\/limpiezascolomer.com\/ca\/politica-de-privacidad\/","title":{"rendered":"Pol\u00edtica de Privacitat"},"content":{"rendered":"<p>Els usuaris que visiten la p\u00e0gina web\u00a0<strong>LimpiezasColomer.com<\/strong>\u00a0poden inhabilitar l\u2019\u00fas de les cookies a trav\u00e9s de l\u2019anunci de Google i accedir a la\u00a0<strong>pol\u00edtica de privacitat<\/strong>\u00a0de la xarxa de contingut.<br \/>\nEls usuaris poden configurar el seu navegador per no rebre les cookies o ser informats abans que les cookies s\u2019emmagatzenen en el seu ordinador, la seva tablet o el seu m\u00f2bil.<br \/>\nGoogle utilitzar\u00e0 el text de la nostra p\u00e0gina web. \u00c9s possible que empreses utilitzin la informaci\u00f3 que obtingui de visites per aquest i altres llocs web (sense incloure el seu nom, adre\u00e7a, adre\u00e7a electr\u00f2nica o n\u00famero de tel\u00e8fon) per vendre anuncis sobre productes i serveis que li resultin d\u2019inter\u00e8s. Si voleu obtenir m\u00e9s informaci\u00f3 sobre aquesta pr\u00e0ctica i con\u00e8ixer les seves opcions per prevenir que aquestes empreses utilitzin aquesta informaci\u00f3, feu clic aqu\u00ed.\u00a0<a href=\"https:\/\/policies.google.com\/technologies\/cookies?hl=es\" target=\"_blank\" rel=\"noopener\">Pol\u00edtica de cookies de google<\/a>,\u00a0 o en\u00a0<a href=\"https:\/\/policies.google.com\/faq?hl=es\" target=\"_blank\" rel=\"noopener\">preguntes frecuents<\/a>.<\/p>\n<h2><\/h2>\n<h2>Qu\u00e8 s\u00f3n les cookies?<\/h2>\n<p>&nbsp;<\/p>\n<p>Una \u201cCookie\u201d \u00e9s un petit fitxer de text que cont\u00e9 una cadena de car\u00e0cters alfanum\u00e8rics.<br \/>\nHi ha dos tipus de cookies: una cookie persistent i una cookie de sessi\u00f3. El navegador web ingressa una cookie persistent a la carpeta de cookies del disc dur de la seva computadora, tablet o Smartphone. Una\u00a0<strong>cookie persistent<\/strong>\u00a0es mant\u00e9 en aquesta carpeta de cookies i es mant\u00e9 durant un cert temps en la seu navegador web, fins i tot despr\u00e9s de tancar el programa. Una\u00a0<strong>cookie de sessi\u00f3<\/strong>\u00a0\u00e9s temporal i desapareix despr\u00e9s de tancar el navegador. Aix\u00ed \u00e9s com funciona el temps de vida de la cookie i la Pol\u00edtica de Privacitat.<br \/>\nLa informaci\u00f3 de la cookie ajuda als anunciants,\u00a0 inclou la quantitat d\u2019usuaris \u00fanics als que es mostraran els seus anuncis. A m\u00e9s de quants usuaris hagin fet clic a les seves adreces d\u2019Internet o en les seves publicacions pagades. I tamb\u00e9 que anuncis o llistes de pagament van fer clic a ells.<\/p>\n<h2><\/h2>\n<h2>Informaci\u00f3 d\u2019identificaci\u00f3 personal.<\/h2>\n<p>&nbsp;<\/p>\n<p>La Informaci\u00f3 d\u2019identificaci\u00f3 personal \u00e9s qualsevol informaci\u00f3 que pugui identificar o localitzar a una persona en particular. Inclou entre uns altres, dades com el nom, l\u2019adre\u00e7a, n\u00famero de tel\u00e8fon, adre\u00e7a de correu electr\u00f2nic, n\u00famero d\u2019asseguran\u00e7a social. A m\u00e9s del banc, el n\u00famero d\u2019empresa o el n\u00famero de targeta de cr\u00e8dit.<\/p>\n<h2><\/h2>\n<h2>Informaci\u00f3 d\u2019identificaci\u00f3 no personal.<\/h2>\n<p>&nbsp;<\/p>\n<p>La informaci\u00f3 d\u2019identificaci\u00f3 no personal, \u00e9s informaci\u00f3 que no es pot identificar a una persona en particular. Aquest tipus d\u2019informaci\u00f3 inclou el prove\u00efdor de serveis d\u2019Internet d\u2019un usuari, el sistema operatiu i el tipus de navegador d\u2019un ordinador, Tablet o Smartphone. Tot aix\u00f2 juntament amb una identificaci\u00f3 de cookie \u00fanica.<\/p>\n<h2><\/h2>\n<h2>Informaci\u00f3 confidencial<\/h2>\n<p>&nbsp;<\/p>\n<p>La informaci\u00f3 confidencial s\u2019inclou categ\u00f2ricament, per\u00f2 no recopila dades relacionades amb la salut o condici\u00f3 m\u00e8dica d\u2019un individu. Tampoco ho fa amb el comportament o l\u2019orientaci\u00f3 sexual. No inclou finances personals detallades<\/p>\n<h2><\/h2>\n<h2>Qu\u00e8 \u00e9s la publicaci\u00f3 d\u2019anuncis<\/h2>\n<p>&nbsp;<\/p>\n<p>Per suportar el seu contingut sense cobrar als visitants, els llocs web venen espais publicitaris en els seus p\u00e0gines web. Les empreses publicit\u00e0ries proporcionen tecnologia perqu\u00e8 els llocs web i anunciants la utilitzin per mostrar anuncis en els llocs web. Els servidors d\u2019anuncis funcionen en l\u2019adre\u00e7a, i en nom dels clients.<\/p>\n<p>Quan visiteu un lloc web, el navegador d\u2019Internet del seu ordinador transmet una \u201csol\u00b7licitud\u201d al servidor d\u2019aquest lloc web, \u201cdemanant-li\u201d a aquest servidor que li envi\u00ef la p\u00e0gina web que est\u00e0 buscant. La majoria de les p\u00e0gines web contenen components extrets de diferents fonts. Per exemple, una p\u00e0gina web en un lloc de not\u00edcies pot obtenir la seva secci\u00f3 de clima d\u2019un prove\u00efdor, els seus resultats esportius d\u2019una altra font i anuncis d\u2019altres servidors.<br \/>\nSi el lloc web utilitza la tecnologia per mostrar anuncis a la seva p\u00e0gina web, la p\u00e0gina web contindr\u00e0 la codificaci\u00f3 que dirigeix el seu navegador per omplir l\u2019anunci publicitari a la p\u00e0gina web amb contingut d\u2019un dels anunciants. Els clients seleccionen el format, el contingut i la ubicaci\u00f3 dels anuncis. A m\u00e9s dels criteris per controlar quins anuncis mostrar i quan mostrar-los. La tecnologia de publicaci\u00f3 d\u2019anuncis utilitza una galeta per ajudar als clients a determinar quins anuncis mostren. Quan els servidors d\u2019anuncis reben una trucada, el servidor verifica si el navegador \u201ctrucant\u201d ha enviat una galeta amb la sol\u00b7licitud d\u2019anunci. Si el servidor no \u201cve\u201d una galeta \u00fanica o una galeta d\u2019exclusi\u00f3, despr\u00e9s de \u201cprovar\u201d per veure si el navegador acceptar\u00e0 cookies, el servidor configurar\u00e0 una galeta publicit\u00e0ria \u00fanica. Aix\u00ed \u00e9s com es pot controlar la\u00a0<strong>pol\u00edtica de privacitat<\/strong>\u00a0a Limpiezas Colomer.<\/p>\n","protected":false},"excerpt":{"rendered":"<p>Els usuaris que visiten la p\u00e0gina web\u00a0LimpiezasColomer.com\u00a0poden inhabilitar l\u2019\u00fas de les cookies a trav\u00e9s de l\u2019anunci de Google i accedir a la\u00a0pol\u00edtica de privacitat\u00a0de la xarxa de contingut. Els usuaris poden configurar el seu navegador per no rebre les cookies o ser informats abans que les cookies s\u2019emmagatzenen en el seu ordinador, la seva tablet [&hellip;]<\/p>\n","protected":false},"author":4,"featured_media":0,"parent":0,"menu_order":0,"comment_status":"closed","ping_status":"closed","template":"","meta":{"_et_pb_use_builder":"","_et_pb_old_content":"","_et_gb_content_width":"","footnotes":""},"class_list":["post-2047","page","type-page","status-publish","hentry"],"_links":{"self":[{"href":"https:\/\/limpiezascolomer.com\/ca\/wp-json\/wp\/v2\/pages\/2047","targetHints":{"allow":["GET"]}}],"collection":[{"href":"https:\/\/limpiezascolomer.com\/ca\/wp-json\/wp\/v2\/pages"}],"about":[{"href":"https:\/\/limpiezascolomer.com\/ca\/wp-json\/wp\/v2\/types\/page"}],"author":[{"embeddable":true,"href":"https:\/\/limpiezascolomer.com\/ca\/wp-json\/wp\/v2\/users\/4"}],"replies":[{"embeddable":true,"href":"https:\/\/limpiezascolomer.com\/ca\/wp-json\/wp\/v2\/comments?post=2047"}],"version-history":[{"count":1,"href":"https:\/\/limpiezascolomer.com\/ca\/wp-json\/wp\/v2\/pages\/2047\/revisions"}],"predecessor-version":[{"id":2048,"href":"https:\/\/limpiezascolomer.com\/ca\/wp-json\/wp\/v2\/pages\/2047\/revisions\/2048"}],"wp:attachment":[{"href":"https:\/\/limpiezascolomer.com\/ca\/wp-json\/wp\/v2\/media?parent=2047"}],"curies":[{"name":"wp","href":"https:\/\/api.w.org\/{rel}","templated":true}]}}